{"id":69,"date":"2024-07-19T12:17:43","date_gmt":"2024-07-19T12:17:43","guid":{"rendered":"https:\/\/rivista.yabacool.com\/index.php\/biografia\/"},"modified":"2024-07-19T12:17:49","modified_gmt":"2024-07-19T12:17:49","slug":"biografia","status":"publish","type":"page","link":"https:\/\/rivista.yabacool.com\/index.php\/biografia\/","title":{"rendered":"Biografia"},"content":{"rendered":"\n  \n    <section class=\"u-clearfix u-custom-color-3 u-section-1\" id=\"sec-5397\">\n      <div class=\"u-clearfix u-sheet u-sheet-1\">\n        <div class=\"data-layout-selected u-clearfix u-expanded-width u-gutter-24 u-layout-wrap u-layout-wrap-1\">\n          <div class=\"u-layout\">\n            <div class=\"u-layout-row\">\n              <div class=\"u-container-align-center u-container-style u-image u-layout-cell u-size-18 u-image-1\" data-image-width=\"1100\" data-image-height=\"1667\" style=\"background-image: url(&quot;https:\/\/rivista.yabacool.com\/wp-content\/uploads\/2024\/07\/duchini_storica05.png&quot;);\">\n                <div class=\"u-container-layout u-container-layout-1\"><\/div>\n              <\/div>\n              <div class=\"u-align-left u-container-style u-layout-cell u-size-42 u-layout-cell-2\">\n                <div class=\"u-container-layout u-container-layout-2\">\n                  <h2 class=\"u-custom-font u-text u-text-1\" data-animation-name=\"customAnimationIn\" data-animation-duration=\"1500\" data-animation-delay=\"500\">ASSOCIAZIONE<br>FRANCESCA&nbsp;<br>DUCH\u200b\u200bINI\n                  <\/h2>\n                  <h3 class=\"u-text u-text-2\" data-animation-name=\"customAnimationIn\" data-animation-duration=\"4000\" data-animation-delay=\"1500\"> Storia del pensiero economico<br>\n                  <\/h3>\n                <\/div>\n              <\/div>\n            <\/div>\n          <\/div>\n        <\/div>\n      <\/div>\n    <\/section>\n    <section class=\"u-align-left u-clearfix u-section-2\" id=\"sec-3213\">\n      <div class=\"u-clearfix u-sheet u-sheet-1\">\n        <div class=\"fr-view u-clearfix u-rich-text u-text u-text-1\">\n          <h2 style=\"text-align: left;\">\n            <span style=\"text-transform: uppercase; font-size: 3.125rem;\">Breve Biografia<\/span>\n          <\/h2>\n          <p id=\"isPasted\">\n            <span class=\"u-custom-font u-heading-font\" style=\"font-weight: 700;\">Francesca Duchini<\/span>\n            <span class=\"u-custom-font u-heading-font\">\n              <span style=\"font-weight: 700;\">&nbsp;<\/span>nasce a Solbiate Arno, in provincia di Varese, il&nbsp;\n            <\/span>\n            <span class=\"u-custom-font u-heading-font\" style=\"font-weight: 700;\">4 ottobre 1919.<\/span>\n          <\/p>\n          <p>\n            <span class=\"u-custom-font u-heading-font\">Svolti i cicli primari e secondari di studio in parte a Varese e in parte a Milano, si iscrive alla&nbsp;<\/span>\n            <span class=\"u-custom-font u-heading-font\" style=\"font-weight: 700;\">Facolt\u00e0 di Scienze Politiche dell\u2019Universit\u00e0 Cattolica del Sacro Cuore<\/span>\n            <span class=\"u-custom-font u-heading-font\">, dove si laurea con lode nel novembre 1944 con una tesi &nbsp;su L\u2019influsso della dottrine di Marx sugli economisti italiani, che gli era stata proposta da Francesco Vito[1].<\/span>\n          <\/p>\n          <div>\n            <span class=\"u-custom-font u-heading-font\">Nel 1950 Vito indirizza la giovane allieva all\u2019<span style=\"font-weight: 700;\">Universit\u00e0 di Basilea dove insegna Economia e Storia delle Dottrine economiche Edgar Salin<\/span>, professore di Berlino esule in Svizzera durante il nazismo[2]. Sono le lezioni di Salin ad indirizzare la Duchini verso la <span style=\"font-weight: 700;\">Storia del pensiero economico<\/span>[3]\n            <\/span>\n          <\/div>\n          <p>Come apprendiamo dalla documentazione conservata nell\u2019<span style=\"font-weight: 700;\">Archivio storico dell\u2019Universit\u00e0 Cattolica di Milano<\/span>[4], Francesca Duchini dal 1945\/46 al 1955\/56 presta la sua attivit\u00e0 presso la Facolt\u00e0 di Economia e Commercio in qualit\u00e0 di <span style=\"font-weight: 700;\">Assistente Volontario<\/span>.\n          <\/p>\n          <p>\n            <span style=\"font-weight: 700;\">Dal 1961 \u00e8 Incaricato dell\u2019insegnamento di Economia politica<\/span> nel corso serale della facolt\u00e0 di Economia e Commercio. Dal 1962\/63 al 1969\/70 \u00e8 Incaricato dello stesso insegnamento nel corso diurno. <span style=\"font-weight: 700;\">Dal 1965\/66 al 1988\/89 \u00e8 Incaricato dell\u2019insegnamento di Storia delle dottrine economiche<\/span>.\n          <\/p>\n          <p>E\u2019 <span style=\"font-weight: 700;\">abilitata alla libera docenza in Storia delle dottrine economiche<\/span> \u2013 con una monografia sulla teoria del profitto nella storia del pensiero economico \u2013 con D.M. in data 2 luglio 1962, &nbsp;confermata con D.M. il 19 ottobre 1967.\n          <\/p>\n          <p>Il <span style=\"font-weight: 700;\">9 giugno 1969 \u00e8 nominata professore di ruolo straordinario<\/span> alla cattedra di Storia delle dottrine economiche nella Facolt\u00e0 di Economia e Commercio dell\u2019Universit\u00e0 Cattolica del Sacro Cuore. Il <span style=\"font-weight: 700;\">5 settembre 1973 \u00e8 nominata professore di ruolo ordinario<\/span> alla stessa cattedra. La cattedra in questa disciplina viene vinta in quel primo concorso bandito in Italia dopo tanti anni, dalla terna: <span style=\"font-weight: 700;\">Francesca Duchini, Piero Barucci e Umberto Meoli<\/span>.\n          <\/p>\n          <p>E\u2019 collocata fuori ruolo il 26 maggio 1989; nei tre successivi anni accademici svolge un corso libero con valore legale di Storia delle dottrine economiche. E\u2019 collocata <span style=\"font-weight: 700;\">a riposo per raggiunti limiti di et\u00e0 l\u20198 aprile 1994<\/span>.\n          <\/p>\n          <p id=\"isPasted\">Nel 1984 ha ricevuto il Diploma di medaglia d\u2019oro della Presidenza della Repubblica ai benemeriti della scuola, della cultura e dell\u2019arte.<\/p>\n          <p>Durante il lungo periodo in Universit\u00e0 Cattolica Francesca Duchini &nbsp;ha dedicato molta attenzione sia alla <span style=\"font-weight: 700;\">ricerca scientifica che alla didattica<\/span>.\n          <\/p>\n          <p>Tra i suoi <span style=\"font-weight: 700;\">temi di ricerca<\/span>, tracciabili anche a partire dall\u2019elenco dei suoi scritti, troviamo l\u2019<span style=\"font-weight: 700;\">evoluzione storica delle teorie della distribuzione del reddito, il rapporto tra scienza economica e giudizi di valore, il pensiero economico italiano tra le due guerre, l\u2019analisi del pensiero sociale della Chiesa.<\/span>\n          <\/p>\n          <p>\n            <span class=\"u-custom-font u-heading-font\">L\u2019attenzione alla didattica si manifesta oltre che nella curatela di numerose tesi di laurea &nbsp;(accompagna alla laurea, tra il 1973 e il 1991, 58 studenti e studentesse, supervisionando con precisione e ferreo metodo di lavoro le loro tesi in Storia delle dottrine economiche) anche nella redazione di testi ad uso universitario.<\/span>\n          <\/p>\n          <p>\n            <span class=\"u-custom-font u-heading-font\">Francesca Duchini si mostra anche sensibile alla dimensione divulgativa dell\u2019economia, rendendosi molto disponibile nell\u2019ambito di corsi di aggiornamento per operatori sociali organizzati da Cisl e Acli[5], cos\u00ec come nelle Settimane Sociali, nelle iniziative di Fuci e Ucid e nelle attivit\u00e0 di volontariato laico con contributi sempre qualificati e molto apprezzati dai suoi interlocutori.<\/span>\n          <\/p>\n          <p>\n            <span class=\"u-custom-font u-heading-font\">L\u2019intreccio di questi piani e interessi \u00e8 sicuramente frutto, oltre che di inclinazione personale, del suo legame con lo stile di lavoro e di impegno che caratterizza gli allievi che Francesco Vito ha attorno a s\u00e9 nell\u2019Istituto di scienze economiche nel secondo dopoguerra, un \u201cgruppo\u201d[6] al quale appartengono, insieme a Francesca Duchini, Franco Feroldi, Ettore Calcaterra, Siro Lombardini, Luigi Frey, Oscar Garavello, Angelo Caloia, Giancarlo Mazzocchi, Nino Andreatta, Livia Fornaciari, Luigi Pasinetti, Alberto Quadrio Curzio[7].<\/span>\n          <\/p>\n          <p>\n            <span class=\"u-custom-font u-heading-font\">La biografia di Francesca Duchini non potrebbe concludersi senza dare conto un aspetto umano della sua personalit\u00e0.<br style=\"box-sizing: border-box; color: rgb(20, 22, 23); font-family: Inter; font-size: 18px; font-style: normal; font-variant-ligatures: normal; font-variant-caps: normal; font-weight: 400; letter-spacing: 0.24px; orphans: 2; text-align: start; text-indent: 0px; text-transform: none; widows: 2; word-spacing: 0px; -webkit-text-stroke-width: 0px; white-space: normal; background-color: rgb(255, 255, 255); text-decoration-thickness: initial; text-decoration-style: initial; text-decoration-color: initial;\" id=\"isPasted\">Vogliamo riferirci al quel tratto di cortesia ed amabilit\u00e0 che sempre ha accompagnato la sua attivit\u00e0 didattica nei lunghi anni trascorsi all\u2019 Universit\u00e0 Cattolica presso l\u2019Istituto di via Necchi (il cui ingresso stilizzato e\u2019 rappresentato nel logo dell\u2019 Associazione).\n            <\/span>\n          <\/p>\n          <p>\n            <span class=\"u-custom-font u-heading-font\">Era difficile, anzi, impossibile imbattersi in suo gesto di stizza, di insofferenza o di sgarbo, anche in situazioni in cui ben si sarebbero potuti giustificare.<br style=\"box-sizing: border-box; color: rgb(20, 22, 23); font-family: Inter; font-size: 18px; font-style: normal; font-variant-ligatures: normal; font-variant-caps: normal; font-weight: 400; letter-spacing: 0.24px; orphans: 2; text-align: start; text-indent: 0px; text-transform: none; widows: 2; word-spacing: 0px; -webkit-text-stroke-width: 0px; white-space: normal; background-color: rgb(255, 255, 255); text-decoration-thickness: initial; text-decoration-style: initial; text-decoration-color: initial;\" id=\"isPasted\">Sempre cortese, signorile, amabile.<br style=\"box-sizing: border-box; color: rgb(20, 22, 23); font-family: Inter; font-size: 18px; font-style: normal; font-variant-ligatures: normal; font-variant-caps: normal; font-weight: 400; letter-spacing: 0.24px; orphans: 2; text-align: start; text-indent: 0px; text-transform: none; widows: 2; word-spacing: 0px; -webkit-text-stroke-width: 0px; white-space: normal; background-color: rgb(255, 255, 255); text-decoration-thickness: initial; text-decoration-style: initial; text-decoration-color: initial;\">Sobria e mai sopra le righe.<br style=\"box-sizing: border-box; color: rgb(20, 22, 23); font-family: Inter; font-size: 18px; font-style: normal; font-variant-ligatures: normal; font-variant-caps: normal; font-weight: 400; letter-spacing: 0.24px; orphans: 2; text-align: start; text-indent: 0px; text-transform: none; widows: 2; word-spacing: 0px; -webkit-text-stroke-width: 0px; white-space: normal; background-color: rgb(255, 255, 255); text-decoration-thickness: initial; text-decoration-style: initial; text-decoration-color: initial;\">Anche questa era Francesca Duchini.\n            <\/span>\n          <\/p>\n          <p id=\"isPasted\">\n            <span class=\"u-custom-font u-heading-font\">Francesca Duchini muore il 9 maggio 2010.<\/span>\n          <\/p>\n          <p style=\"text-align: center;\">\n            <span style=\"font-weight: 700;\">\n              <span class=\"u-custom-font u-heading-font\">Fonti:<\/span>\n            <\/span>\n          <\/p>\n          <p id=\"isPasted\">\n            <span class=\"u-custom-font u-heading-font\">Archivio Storico Universit\u00e0 Cattolica del Sacro cuore (Archivio&nbsp;UCSC), Direzione risorse umane, Serie fascicoli personale docente, posizione n. 3602, prof.ssa F. Duchini.<\/span>\n          <\/p>\n          <p>\n            <span class=\"u-custom-font u-heading-font\">Duchini F., 1957,&nbsp;Economia politica,&nbsp;Edizioni Acli, Roma<\/span>\n          <\/p>\n          <p>\n            <span class=\"u-custom-font u-heading-font\">Duchini F., 1998, \u201cL\u2019economia\u201d, in Aa.Vv., 1998,&nbsp;L\u2019Universit\u00e0 cattolica a 75 anni dalla fondazione, Vita e pensiero, Milano, pp. 237-277.<\/span>\n          <\/p>\n          <p>\n            <span class=\"u-custom-font u-heading-font\">Parisi D., 2012, Francesco Maria Gerardo Vito, in Istituto della Enciclopedia Italiana, Il contributo italiano alla storia del pensiero. Economia, &nbsp;pp. 734-766.<\/span>\n          <\/p>\n          <p>\n            <span class=\"u-custom-font u-heading-font\">Preziosi E., 1997, \u201cFrancesca Duchini. Sotto il rosa\u2026 Il capitale di Marx\u201d, in Come ad Harvard, Paoline editoriale libri, Milano, pp. 43-49.<\/span>\n          <\/p>\n          <p id=\"isPasted\" style=\"text-align: center;\">\n            <span class=\"u-custom-font u-heading-font\">Note:<\/span>\n          <\/p>\n          <p>\n            <span class=\"u-custom-font u-heading-font\">1] Sulle vicende legate alla definizione del titolo della tesi e alla sua stesura, si veda l\u2019intervista di F. Duchini a E. Preziosi in Preziosi 1997, in particolare alle pp. 48-49.<\/span>\n          <\/p>\n          <p>\n            <span class=\"u-custom-font u-heading-font\">&nbsp;[2] Vito aveva conosciuto Salin all\u2019inizio degli anni Trenta quando, finanziato da Humboldt Stiftung, si era trasferito per un trimestre a Berlino; era l\u00ec iniziato tra i due economisti un lungo continuativo sodalizio, cementato soprattutto dal comune interesse per la storia del pensiero economico.<\/span>\n          <\/p>\n          <p>\n            <span class=\"u-custom-font u-heading-font\">[3]&nbsp;Sar\u00e0 lei stessa a curare nel 1973 l\u2019edizione italiana di&nbsp;Politische Oekonomie. Geschichte der wirtshaftspolitischen Ideen von Platon bis zur Gegenwart&nbsp;(J.C.B. Mohr, T\u00fcbingen 1967), con il titolo di:&nbsp;L\u2019economia politica. Storia delle idee da Platone ai giorni nostri&nbsp;(Editrice Vita e Pensiero, Milano), preceduta da una&nbsp;Presentazione da lei firmata (pp. VII-XII). Nell\u2019archivio Storico dell\u2019Universit\u00e0 Cattolica del Sacro Cuore \u00e8 conservato il materiale relativo al rapporto di lavoro tra Duchini, Salin e il traduttore del testo dal tedesco in italiano, dottor Silvio Bianchi, tra il 1969 e il 1973.<\/span>\n          <\/p>\n          <p>\n            <span class=\"u-custom-font u-heading-font\">[4]&nbsp;UCSC, Direzione risorse umane, Serie fascicoli personale docente, posizione n. 3602, prof.ssa F. Duchini<\/span>\n          <\/p>\n          <p>\n            <span class=\"u-custom-font u-heading-font\">[5]&nbsp;Duchini F., 1957,&nbsp;Economia&nbsp;politica,&nbsp;Edizioni Acli, Roma, pp. 524 (2^ Ed. riveduta, 1960).<\/span>\n          <\/p>\n          <p>\n            <span class=\"u-custom-font u-heading-font\">[6]&nbsp;Sulla scelta del termine \u201cgruppo\u201d anzich\u00e9 \u201cscuola\u201d di veda Duchini F., 1998, p. 253.<\/span>\n          <\/p>\n          <p>\n            <span class=\"u-custom-font u-heading-font\">[7] Sono questi i &nbsp;nomi che Francesca Duchini stessa cita nell\u2019intervista riportata in &nbsp;Preziosi E., 1997, p. 44 e in Duchini 1998, p. 254.<\/span>\n          <\/p>\n        <\/div>\n        <img decoding=\"async\" class=\"u-image u-image-default u-preserve-proportions u-image-1\" src=\"https:\/\/rivista.yabacool.com\/wp-content\/uploads\/2024\/07\/FrancescaDuchini-10.jpg\" alt=\"\" data-image-width=\"900\" data-image-height=\"900\">\n      <\/div>\n    <\/section>\n    \n    \n    \n    \n  \n","protected":false},"excerpt":{"rendered":"<p>ASSOCIAZIONEFRANCESCA&nbsp;DUCH\u200b\u200bINI Storia del pensiero economico Breve Biografia Francesca Duchini &nbsp;nasce a Solbiate Arno, in provincia di Varese, il&nbsp; 4 ottobre 1919. Svolti i cicli primari e secondari di studio in parte a Varese e in parte a Milano, si iscrive alla&nbsp; Facolt\u00e0 di Scienze Politiche dell\u2019Universit\u00e0 Cattolica del Sacro Cuore , dove si laurea con &hellip; <a href=\"https:\/\/rivista.yabacool.com\/index.php\/biografia\/\" class=\"more-link\">Continue reading<span class=\"screen-reader-text\"> &#8220;Biografia&#8221;<\/span><\/a><\/p>\n","protected":false},"author":1,"featured_media":0,"parent":0,"menu_order":15,"comment_status":"closed","ping_status":"closed","template":"","meta":{"footnotes":""},"class_list":["post-69","page","type-page","status-publish","hentry"],"_links":{"self":[{"href":"https:\/\/rivista.yabacool.com\/index.php\/wp-json\/wp\/v2\/pages\/69","targetHints":{"allow":["GET"]}}],"collection":[{"href":"https:\/\/rivista.yabacool.com\/index.php\/wp-json\/wp\/v2\/pages"}],"about":[{"href":"https:\/\/rivista.yabacool.com\/index.php\/wp-json\/wp\/v2\/types\/page"}],"author":[{"embeddable":true,"href":"https:\/\/rivista.yabacool.com\/index.php\/wp-json\/wp\/v2\/users\/1"}],"replies":[{"embeddable":true,"href":"https:\/\/rivista.yabacool.com\/index.php\/wp-json\/wp\/v2\/comments?post=69"}],"version-history":[{"count":1,"href":"https:\/\/rivista.yabacool.com\/index.php\/wp-json\/wp\/v2\/pages\/69\/revisions"}],"predecessor-version":[{"id":92,"href":"https:\/\/rivista.yabacool.com\/index.php\/wp-json\/wp\/v2\/pages\/69\/revisions\/92"}],"wp:attachment":[{"href":"https:\/\/rivista.yabacool.com\/index.php\/wp-json\/wp\/v2\/media?parent=69"}],"curies":[{"name":"wp","href":"https:\/\/api.w.org\/{rel}","templated":true}]}}